{"id":11382,"date":"2024-05-31T10:23:32","date_gmt":"2024-05-31T08:23:32","guid":{"rendered":"https:\/\/svatomarianskaput.sk\/2-cyklo-etapa-lutina-gaboltov\/"},"modified":"2025-01-23T14:20:34","modified_gmt":"2025-01-23T13:20:34","slug":"2-etap-rowerowy-lutina-gaboltov","status":"publish","type":"page","link":"https:\/\/svatomarianskaput.sk\/pl\/2-etap-rowerowy-lutina-gaboltov\/","title":{"rendered":"2. etap rowerowy: \u013dutina &#8211; Gaboltov"},"content":{"rendered":"","protected":false},"excerpt":{"rendered":"","protected":false},"author":10,"featured_media":0,"parent":0,"menu_order":0,"comment_status":"closed","ping_status":"closed","template":"templates\/template-pagebuilder.php","meta":{"_acf_changed":false,"footnotes":""},"class_list":["post-11382","page","type-page","status-publish","hentry"],"acf":[],"yoast_head":"<!-- This site is optimized with the Yoast SEO plugin v27.3 - https:\/\/yoast.com\/product\/yoast-seo-wordpress\/ -->\n<title>2. etap rowerowy: \u013dutina - Gaboltov - Sv\u00e4tomari\u00e1nska p\u00fa\u0165<\/title>\n<meta name=\"description\" content=\"2. etap \u013dutina \u2013 Gaboltov ma d\u0142ugo\u015b\u0107 36,9 km i zaliczany jest do \u015brednio ci\u0119\u017ckich. Przewy\u017cszenie przy podjazdach to ok. 400 m.\" \/>\n<meta name=\"robots\" content=\"index, follow, max-snippet:-1, max-image-preview:large, max-video-preview:-1\" \/>\n<link rel=\"canonical\" href=\"https:\/\/svatomarianskaput.sk\/pl\/2-etap-rowerowy-lutina-gaboltov\/\" \/>\n<meta property=\"og:locale\" content=\"pl_PL\" \/>\n<meta property=\"og:type\" content=\"article\" \/>\n<meta property=\"og:title\" content=\"2. etap rowerowy: \u013dutina - Gaboltov - Sv\u00e4tomari\u00e1nska p\u00fa\u0165\" \/>\n<meta property=\"og:description\" content=\"2. etap \u013dutina \u2013 Gaboltov ma d\u0142ugo\u015b\u0107 36,9 km i zaliczany jest do \u015brednio ci\u0119\u017ckich. Przewy\u017cszenie przy podjazdach to ok. 400 m.\" \/>\n<meta property=\"og:url\" content=\"https:\/\/svatomarianskaput.sk\/pl\/2-etap-rowerowy-lutina-gaboltov\/\" \/>\n<meta property=\"og:site_name\" content=\"Sv\u00e4tomari\u00e1nska p\u00fa\u0165\" \/>\n<meta property=\"article:modified_time\" content=\"2025-01-23T13:20:34+00:00\" \/>\n<meta name=\"twitter:card\" content=\"summary_large_image\" \/>\n<script type=\"application\/ld+json\" class=\"yoast-schema-graph\">{\"@context\":\"https:\\\/\\\/schema.org\",\"@graph\":[{\"@type\":\"WebPage\",\"@id\":\"https:\\\/\\\/svatomarianskaput.sk\\\/pl\\\/2-etap-rowerowy-lutina-gaboltov\\\/\",\"url\":\"https:\\\/\\\/svatomarianskaput.sk\\\/pl\\\/2-etap-rowerowy-lutina-gaboltov\\\/\",\"name\":\"2. etap rowerowy: \u013dutina - Gaboltov - Sv\u00e4tomari\u00e1nska p\u00fa\u0165\",\"isPartOf\":{\"@id\":\"https:\\\/\\\/svatomarianskaput.sk\\\/pl\\\/#website\"},\"datePublished\":\"2024-05-31T08:23:32+00:00\",\"dateModified\":\"2025-01-23T13:20:34+00:00\",\"description\":\"2. etap \u013dutina \u2013 Gaboltov ma d\u0142ugo\u015b\u0107 36,9 km i zaliczany jest do \u015brednio ci\u0119\u017ckich. Przewy\u017cszenie przy podjazdach to ok. 400 m.\",\"breadcrumb\":{\"@id\":\"https:\\\/\\\/svatomarianskaput.sk\\\/pl\\\/2-etap-rowerowy-lutina-gaboltov\\\/#breadcrumb\"},\"inLanguage\":\"pl-PL\",\"potentialAction\":[{\"@type\":\"ReadAction\",\"target\":[\"https:\\\/\\\/svatomarianskaput.sk\\\/pl\\\/2-etap-rowerowy-lutina-gaboltov\\\/\"]}]},{\"@type\":\"BreadcrumbList\",\"@id\":\"https:\\\/\\\/svatomarianskaput.sk\\\/pl\\\/2-etap-rowerowy-lutina-gaboltov\\\/#breadcrumb\",\"itemListElement\":[{\"@type\":\"ListItem\",\"position\":1,\"name\":\"Domovsk\u00e1 str\u00e1nka\",\"item\":\"https:\\\/\\\/svatomarianskaput.sk\\\/pl\\\/\"},{\"@type\":\"ListItem\",\"position\":2,\"name\":\"2. etap rowerowy: \u013dutina &#8211; Gaboltov\"}]},{\"@type\":\"WebSite\",\"@id\":\"https:\\\/\\\/svatomarianskaput.sk\\\/pl\\\/#website\",\"url\":\"https:\\\/\\\/svatomarianskaput.sk\\\/pl\\\/\",\"name\":\"Sv\u00e4tomari\u00e1nska p\u00fa\u0165\",\"description\":\"Vydaj sa na cestu (seba)poznania\",\"publisher\":{\"@id\":\"https:\\\/\\\/svatomarianskaput.sk\\\/pl\\\/#organization\"},\"potentialAction\":[{\"@type\":\"SearchAction\",\"target\":{\"@type\":\"EntryPoint\",\"urlTemplate\":\"https:\\\/\\\/svatomarianskaput.sk\\\/pl\\\/?s={search_term_string}\"},\"query-input\":{\"@type\":\"PropertyValueSpecification\",\"valueRequired\":true,\"valueName\":\"search_term_string\"}}],\"inLanguage\":\"pl-PL\"},{\"@type\":\"Organization\",\"@id\":\"https:\\\/\\\/svatomarianskaput.sk\\\/pl\\\/#organization\",\"name\":\"Sv\u00e4tomari\u00e1nska p\u00fa\u0165\",\"url\":\"https:\\\/\\\/svatomarianskaput.sk\\\/pl\\\/\",\"logo\":{\"@type\":\"ImageObject\",\"inLanguage\":\"pl-PL\",\"@id\":\"https:\\\/\\\/svatomarianskaput.sk\\\/pl\\\/#\\\/schema\\\/logo\\\/image\\\/\",\"url\":\"https:\\\/\\\/svatomarianskaput.sk\\\/wp-content\\\/uploads\\\/2022\\\/05\\\/logo-sk.svg\",\"contentUrl\":\"https:\\\/\\\/svatomarianskaput.sk\\\/wp-content\\\/uploads\\\/2022\\\/05\\\/logo-sk.svg\",\"caption\":\"Sv\u00e4tomari\u00e1nska p\u00fa\u0165\"},\"image\":{\"@id\":\"https:\\\/\\\/svatomarianskaput.sk\\\/pl\\\/#\\\/schema\\\/logo\\\/image\\\/\"}}]}<\/script>\n<!-- \/ Yoast SEO plugin. -->","yoast_head_json":{"title":"2. etap rowerowy: \u013dutina - Gaboltov - Sv\u00e4tomari\u00e1nska p\u00fa\u0165","description":"2. etap \u013dutina \u2013 Gaboltov ma d\u0142ugo\u015b\u0107 36,9 km i zaliczany jest do \u015brednio ci\u0119\u017ckich. Przewy\u017cszenie przy podjazdach to ok. 400 m.","robots":{"index":"index","follow":"follow","max-snippet":"max-snippet:-1","max-image-preview":"max-image-preview:large","max-video-preview":"max-video-preview:-1"},"canonical":"https:\/\/svatomarianskaput.sk\/pl\/2-etap-rowerowy-lutina-gaboltov\/","og_locale":"pl_PL","og_type":"article","og_title":"2. etap rowerowy: \u013dutina - Gaboltov - Sv\u00e4tomari\u00e1nska p\u00fa\u0165","og_description":"2. etap \u013dutina \u2013 Gaboltov ma d\u0142ugo\u015b\u0107 36,9 km i zaliczany jest do \u015brednio ci\u0119\u017ckich. Przewy\u017cszenie przy podjazdach to ok. 400 m.","og_url":"https:\/\/svatomarianskaput.sk\/pl\/2-etap-rowerowy-lutina-gaboltov\/","og_site_name":"Sv\u00e4tomari\u00e1nska p\u00fa\u0165","article_modified_time":"2025-01-23T13:20:34+00:00","twitter_card":"summary_large_image","schema":{"@context":"https:\/\/schema.org","@graph":[{"@type":"WebPage","@id":"https:\/\/svatomarianskaput.sk\/pl\/2-etap-rowerowy-lutina-gaboltov\/","url":"https:\/\/svatomarianskaput.sk\/pl\/2-etap-rowerowy-lutina-gaboltov\/","name":"2. etap rowerowy: \u013dutina - Gaboltov - Sv\u00e4tomari\u00e1nska p\u00fa\u0165","isPartOf":{"@id":"https:\/\/svatomarianskaput.sk\/pl\/#website"},"datePublished":"2024-05-31T08:23:32+00:00","dateModified":"2025-01-23T13:20:34+00:00","description":"2. etap \u013dutina \u2013 Gaboltov ma d\u0142ugo\u015b\u0107 36,9 km i zaliczany jest do \u015brednio ci\u0119\u017ckich. Przewy\u017cszenie przy podjazdach to ok. 400 m.","breadcrumb":{"@id":"https:\/\/svatomarianskaput.sk\/pl\/2-etap-rowerowy-lutina-gaboltov\/#breadcrumb"},"inLanguage":"pl-PL","potentialAction":[{"@type":"ReadAction","target":["https:\/\/svatomarianskaput.sk\/pl\/2-etap-rowerowy-lutina-gaboltov\/"]}]},{"@type":"BreadcrumbList","@id":"https:\/\/svatomarianskaput.sk\/pl\/2-etap-rowerowy-lutina-gaboltov\/#breadcrumb","itemListElement":[{"@type":"ListItem","position":1,"name":"Domovsk\u00e1 str\u00e1nka","item":"https:\/\/svatomarianskaput.sk\/pl\/"},{"@type":"ListItem","position":2,"name":"2. etap rowerowy: \u013dutina &#8211; Gaboltov"}]},{"@type":"WebSite","@id":"https:\/\/svatomarianskaput.sk\/pl\/#website","url":"https:\/\/svatomarianskaput.sk\/pl\/","name":"Sv\u00e4tomari\u00e1nska p\u00fa\u0165","description":"Vydaj sa na cestu (seba)poznania","publisher":{"@id":"https:\/\/svatomarianskaput.sk\/pl\/#organization"},"potentialAction":[{"@type":"SearchAction","target":{"@type":"EntryPoint","urlTemplate":"https:\/\/svatomarianskaput.sk\/pl\/?s={search_term_string}"},"query-input":{"@type":"PropertyValueSpecification","valueRequired":true,"valueName":"search_term_string"}}],"inLanguage":"pl-PL"},{"@type":"Organization","@id":"https:\/\/svatomarianskaput.sk\/pl\/#organization","name":"Sv\u00e4tomari\u00e1nska p\u00fa\u0165","url":"https:\/\/svatomarianskaput.sk\/pl\/","logo":{"@type":"ImageObject","inLanguage":"pl-PL","@id":"https:\/\/svatomarianskaput.sk\/pl\/#\/schema\/logo\/image\/","url":"https:\/\/svatomarianskaput.sk\/wp-content\/uploads\/2022\/05\/logo-sk.svg","contentUrl":"https:\/\/svatomarianskaput.sk\/wp-content\/uploads\/2022\/05\/logo-sk.svg","caption":"Sv\u00e4tomari\u00e1nska p\u00fa\u0165"},"image":{"@id":"https:\/\/svatomarianskaput.sk\/pl\/#\/schema\/logo\/image\/"}}]}},"_links":{"self":[{"href":"https:\/\/svatomarianskaput.sk\/pl\/wp-json\/wp\/v2\/pages\/11382","targetHints":{"allow":["GET"]}}],"collection":[{"href":"https:\/\/svatomarianskaput.sk\/pl\/wp-json\/wp\/v2\/pages"}],"about":[{"href":"https:\/\/svatomarianskaput.sk\/pl\/wp-json\/wp\/v2\/types\/page"}],"author":[{"embeddable":true,"href":"https:\/\/svatomarianskaput.sk\/pl\/wp-json\/wp\/v2\/users\/10"}],"replies":[{"embeddable":true,"href":"https:\/\/svatomarianskaput.sk\/pl\/wp-json\/wp\/v2\/comments?post=11382"}],"version-history":[{"count":2,"href":"https:\/\/svatomarianskaput.sk\/pl\/wp-json\/wp\/v2\/pages\/11382\/revisions"}],"predecessor-version":[{"id":11386,"href":"https:\/\/svatomarianskaput.sk\/pl\/wp-json\/wp\/v2\/pages\/11382\/revisions\/11386"}],"wp:attachment":[{"href":"https:\/\/svatomarianskaput.sk\/pl\/wp-json\/wp\/v2\/media?parent=11382"}],"curies":[{"name":"wp","href":"https:\/\/api.w.org\/{rel}","templated":true}]}}