{"id":1863,"date":"2022-03-29T10:15:10","date_gmt":"2022-03-29T08:15:10","guid":{"rendered":"https:\/\/unceasingsolutions.com\/?page_id=1863"},"modified":"2022-06-02T14:12:16","modified_gmt":"2022-06-02T12:12:16","slug":"wyrusz-na-pielgrzymke-marianska","status":"publish","type":"page","link":"https:\/\/svatomarianskaput.sk\/pl\/wyrusz-na-pielgrzymke-marianska\/","title":{"rendered":"Wyrusz na pielgrzymk\u0119 maria\u0144sk\u0105"},"content":{"rendered":"\r\n<div class=\"wp-block-group\"><div class=\"wp-block-group__inner-container is-layout-flow wp-block-group-is-layout-flow\">\r\n<h2 class=\"has-large-font-size wp-block-heading\">48 hod\u00edn v Levo\u010di<\/h2>\r\n\r\n\r\n\r\n<h3 class=\"wp-block-heading\">1. de\u0148<\/h3>\r\n\r\n\r\n\r\n<ul>\r\n<li style=\"text-align: left;\">Bazilika Nav\u0161t\u00edvenia Panny M\u00e1rie na Mari\u00e1nskej hore v Levo\u010di <a href=\"http:\/\/www.stavomarianskaput.sk\">detail miesta<\/a><\/li>\r\n<li style=\"text-align: left;\">M\u00fazeum \u0161peci\u00e1lneho \u0161kolstva v\u00a0Levo\u010di<\/li>\r\n<li style=\"text-align: left;\">Ve\u017ea Baziliky Sv. Jakuba v Levo\u010di<\/li>\r\n<\/ul>\r\n\r\n\r\n\r\n<h3 class=\"wp-block-heading\">2. de\u0148<\/h3>\r\n\r\n\r\n\r\n<ul>\r\n<li>Bazilka Sv. Jakuba v Levo\u010di<\/li>\r\n<li style=\"text-align: left;\">Gal\u00e9ria mesta Levo\u010da<\/li>\r\n<li style=\"text-align: left;\">Levo\u010dsk\u00e9 vrchy<\/li>\r\n<\/ul>\r\n\r\n\r\n\r\n<p>&nbsp;<\/p>\r\n<\/div><\/div>\r\n\r\n\r\n\r\n<h2 class=\"wp-block-heading\">48 hod\u00edn v \u013dutina<\/h2>\r\n\r\n\r\n\r\n<h3 class=\"wp-block-heading\">1. de\u0148<\/h3>\r\n\r\n\r\n\r\n<ul class=\"wp-block-list\">\r\n<li>P\u00fatnick\u00e9 miesto \u013dutina<\/li>\r\n<li>Miniskanzen dreven\u00fdch chr\u00e1mov<\/li>\r\n<li>Dreven\u00fd chr\u00e1m s vyhliadkovou ve\u017eou, \u013dutina<\/li>\r\n<\/ul>\r\n\r\n\r\n\r\n<h3 class=\"wp-block-heading\">2. de\u0148<\/h3>\r\n\r\n\r\n\r\n<ul class=\"wp-block-list\">\r\n<li>Hanigovsk\u00fd hrad<\/li>\r\n<li>Kamenick\u00fd hrad<\/li>\r\n<li>Hradisko Lipany<\/li>\r\n<\/ul>\r\n","protected":false},"excerpt":{"rendered":"<p>48 hod\u00edn v Levo\u010di 1. de\u0148 Bazilika Nav\u0161t\u00edvenia Panny M\u00e1rie na Mari\u00e1nskej hore v Levo\u010di detail miesta M\u00fazeum \u0161peci\u00e1lneho \u0161kolstva v\u00a0Levo\u010di Ve\u017ea Baziliky Sv. Jakuba v Levo\u010di 2. de\u0148 Bazilka Sv. Jakuba v Levo\u010di Gal\u00e9ria mesta Levo\u010da Levo\u010dsk\u00e9 vrchy &nbsp; 48 hod\u00edn v \u013dutina 1. de\u0148 P\u00fatnick\u00e9 miesto \u013dutina Miniskanzen dreven\u00fdch chr\u00e1mov Dreven\u00fd chr\u00e1m s [&hellip;]<\/p>\n","protected":false},"author":6,"featured_media":2140,"parent":0,"menu_order":0,"comment_status":"closed","ping_status":"closed","template":"templates\/template-planner.php","meta":{"_acf_changed":false,"footnotes":""},"class_list":["post-1863","page","type-page","status-publish","has-post-thumbnail","hentry"],"acf":[],"yoast_head":"<!-- This site is optimized with the Yoast SEO plugin v27.3 - https:\/\/yoast.com\/product\/yoast-seo-wordpress\/ -->\n<title>Wyrusz na pielgrzymk\u0119 maria\u0144sk\u0105 - Sv\u00e4tomari\u00e1nska p\u00fa\u0165<\/title>\n<meta name=\"robots\" content=\"index, follow, max-snippet:-1, max-image-preview:large, max-video-preview:-1\" \/>\n<link rel=\"canonical\" href=\"https:\/\/svatomarianskaput.sk\/pl\/wyrusz-na-pielgrzymke-marianska\/\" \/>\n<meta property=\"og:locale\" content=\"pl_PL\" \/>\n<meta property=\"og:type\" content=\"article\" \/>\n<meta property=\"og:title\" content=\"Wyrusz na pielgrzymk\u0119 maria\u0144sk\u0105 - Sv\u00e4tomari\u00e1nska p\u00fa\u0165\" \/>\n<meta property=\"og:description\" content=\"48 hod\u00edn v Levo\u010di 1. de\u0148 Bazilika Nav\u0161t\u00edvenia Panny M\u00e1rie na Mari\u00e1nskej hore v Levo\u010di detail miesta M\u00fazeum \u0161peci\u00e1lneho \u0161kolstva v\u00a0Levo\u010di Ve\u017ea Baziliky Sv. Jakuba v Levo\u010di 2. de\u0148 Bazilka Sv. Jakuba v Levo\u010di Gal\u00e9ria mesta Levo\u010da Levo\u010dsk\u00e9 vrchy &nbsp; 48 hod\u00edn v \u013dutina 1. de\u0148 P\u00fatnick\u00e9 miesto \u013dutina Miniskanzen dreven\u00fdch chr\u00e1mov Dreven\u00fd chr\u00e1m s [&hellip;]\" \/>\n<meta property=\"og:url\" content=\"https:\/\/svatomarianskaput.sk\/pl\/wyrusz-na-pielgrzymke-marianska\/\" \/>\n<meta property=\"og:site_name\" content=\"Sv\u00e4tomari\u00e1nska p\u00fa\u0165\" \/>\n<meta property=\"article:modified_time\" content=\"2022-06-02T12:12:16+00:00\" \/>\n<meta property=\"og:image\" content=\"https:\/\/svatomarianskaput.sk\/wp-content\/uploads\/2022\/05\/home2.webp\" \/>\n\t<meta property=\"og:image:width\" content=\"1440\" \/>\n\t<meta property=\"og:image:height\" content=\"529\" \/>\n\t<meta property=\"og:image:type\" content=\"image\/webp\" \/>\n<meta name=\"twitter:card\" content=\"summary_large_image\" \/>\n<script type=\"application\/ld+json\" class=\"yoast-schema-graph\">{\"@context\":\"https:\\\/\\\/schema.org\",\"@graph\":[{\"@type\":\"WebPage\",\"@id\":\"https:\\\/\\\/svatomarianskaput.sk\\\/pl\\\/wyrusz-na-pielgrzymke-marianska\\\/\",\"url\":\"https:\\\/\\\/svatomarianskaput.sk\\\/pl\\\/wyrusz-na-pielgrzymke-marianska\\\/\",\"name\":\"Wyrusz na pielgrzymk\u0119 maria\u0144sk\u0105 - Sv\u00e4tomari\u00e1nska p\u00fa\u0165\",\"isPartOf\":{\"@id\":\"https:\\\/\\\/svatomarianskaput.sk\\\/pl\\\/#website\"},\"primaryImageOfPage\":{\"@id\":\"https:\\\/\\\/svatomarianskaput.sk\\\/pl\\\/wyrusz-na-pielgrzymke-marianska\\\/#primaryimage\"},\"image\":{\"@id\":\"https:\\\/\\\/svatomarianskaput.sk\\\/pl\\\/wyrusz-na-pielgrzymke-marianska\\\/#primaryimage\"},\"thumbnailUrl\":\"https:\\\/\\\/svatomarianskaput.sk\\\/wp-content\\\/uploads\\\/2022\\\/05\\\/home2.webp\",\"datePublished\":\"2022-03-29T08:15:10+00:00\",\"dateModified\":\"2022-06-02T12:12:16+00:00\",\"breadcrumb\":{\"@id\":\"https:\\\/\\\/svatomarianskaput.sk\\\/pl\\\/wyrusz-na-pielgrzymke-marianska\\\/#breadcrumb\"},\"inLanguage\":\"pl-PL\",\"potentialAction\":[{\"@type\":\"ReadAction\",\"target\":[\"https:\\\/\\\/svatomarianskaput.sk\\\/pl\\\/wyrusz-na-pielgrzymke-marianska\\\/\"]}]},{\"@type\":\"ImageObject\",\"inLanguage\":\"pl-PL\",\"@id\":\"https:\\\/\\\/svatomarianskaput.sk\\\/pl\\\/wyrusz-na-pielgrzymke-marianska\\\/#primaryimage\",\"url\":\"https:\\\/\\\/svatomarianskaput.sk\\\/wp-content\\\/uploads\\\/2022\\\/05\\\/home2.webp\",\"contentUrl\":\"https:\\\/\\\/svatomarianskaput.sk\\\/wp-content\\\/uploads\\\/2022\\\/05\\\/home2.webp\",\"width\":1440,\"height\":529},{\"@type\":\"BreadcrumbList\",\"@id\":\"https:\\\/\\\/svatomarianskaput.sk\\\/pl\\\/wyrusz-na-pielgrzymke-marianska\\\/#breadcrumb\",\"itemListElement\":[{\"@type\":\"ListItem\",\"position\":1,\"name\":\"Domovsk\u00e1 str\u00e1nka\",\"item\":\"https:\\\/\\\/svatomarianskaput.sk\\\/pl\\\/\"},{\"@type\":\"ListItem\",\"position\":2,\"name\":\"Wyrusz na pielgrzymk\u0119 maria\u0144sk\u0105\"}]},{\"@type\":\"WebSite\",\"@id\":\"https:\\\/\\\/svatomarianskaput.sk\\\/pl\\\/#website\",\"url\":\"https:\\\/\\\/svatomarianskaput.sk\\\/pl\\\/\",\"name\":\"Sv\u00e4tomari\u00e1nska p\u00fa\u0165\",\"description\":\"Vydaj sa na cestu (seba)poznania\",\"publisher\":{\"@id\":\"https:\\\/\\\/svatomarianskaput.sk\\\/pl\\\/#organization\"},\"potentialAction\":[{\"@type\":\"SearchAction\",\"target\":{\"@type\":\"EntryPoint\",\"urlTemplate\":\"https:\\\/\\\/svatomarianskaput.sk\\\/pl\\\/?s={search_term_string}\"},\"query-input\":{\"@type\":\"PropertyValueSpecification\",\"valueRequired\":true,\"valueName\":\"search_term_string\"}}],\"inLanguage\":\"pl-PL\"},{\"@type\":\"Organization\",\"@id\":\"https:\\\/\\\/svatomarianskaput.sk\\\/pl\\\/#organization\",\"name\":\"Sv\u00e4tomari\u00e1nska p\u00fa\u0165\",\"url\":\"https:\\\/\\\/svatomarianskaput.sk\\\/pl\\\/\",\"logo\":{\"@type\":\"ImageObject\",\"inLanguage\":\"pl-PL\",\"@id\":\"https:\\\/\\\/svatomarianskaput.sk\\\/pl\\\/#\\\/schema\\\/logo\\\/image\\\/\",\"url\":\"https:\\\/\\\/svatomarianskaput.sk\\\/wp-content\\\/uploads\\\/2022\\\/05\\\/logo-sk.svg\",\"contentUrl\":\"https:\\\/\\\/svatomarianskaput.sk\\\/wp-content\\\/uploads\\\/2022\\\/05\\\/logo-sk.svg\",\"caption\":\"Sv\u00e4tomari\u00e1nska p\u00fa\u0165\"},\"image\":{\"@id\":\"https:\\\/\\\/svatomarianskaput.sk\\\/pl\\\/#\\\/schema\\\/logo\\\/image\\\/\"}}]}<\/script>\n<!-- \/ Yoast SEO plugin. -->","yoast_head_json":{"title":"Wyrusz na pielgrzymk\u0119 maria\u0144sk\u0105 - Sv\u00e4tomari\u00e1nska p\u00fa\u0165","robots":{"index":"index","follow":"follow","max-snippet":"max-snippet:-1","max-image-preview":"max-image-preview:large","max-video-preview":"max-video-preview:-1"},"canonical":"https:\/\/svatomarianskaput.sk\/pl\/wyrusz-na-pielgrzymke-marianska\/","og_locale":"pl_PL","og_type":"article","og_title":"Wyrusz na pielgrzymk\u0119 maria\u0144sk\u0105 - Sv\u00e4tomari\u00e1nska p\u00fa\u0165","og_description":"48 hod\u00edn v Levo\u010di 1. de\u0148 Bazilika Nav\u0161t\u00edvenia Panny M\u00e1rie na Mari\u00e1nskej hore v Levo\u010di detail miesta M\u00fazeum \u0161peci\u00e1lneho \u0161kolstva v\u00a0Levo\u010di Ve\u017ea Baziliky Sv. Jakuba v Levo\u010di 2. de\u0148 Bazilka Sv. Jakuba v Levo\u010di Gal\u00e9ria mesta Levo\u010da Levo\u010dsk\u00e9 vrchy &nbsp; 48 hod\u00edn v \u013dutina 1. de\u0148 P\u00fatnick\u00e9 miesto \u013dutina Miniskanzen dreven\u00fdch chr\u00e1mov Dreven\u00fd chr\u00e1m s [&hellip;]","og_url":"https:\/\/svatomarianskaput.sk\/pl\/wyrusz-na-pielgrzymke-marianska\/","og_site_name":"Sv\u00e4tomari\u00e1nska p\u00fa\u0165","article_modified_time":"2022-06-02T12:12:16+00:00","og_image":[{"width":1440,"height":529,"url":"https:\/\/svatomarianskaput.sk\/wp-content\/uploads\/2022\/05\/home2.webp","type":"image\/webp"}],"twitter_card":"summary_large_image","schema":{"@context":"https:\/\/schema.org","@graph":[{"@type":"WebPage","@id":"https:\/\/svatomarianskaput.sk\/pl\/wyrusz-na-pielgrzymke-marianska\/","url":"https:\/\/svatomarianskaput.sk\/pl\/wyrusz-na-pielgrzymke-marianska\/","name":"Wyrusz na pielgrzymk\u0119 maria\u0144sk\u0105 - Sv\u00e4tomari\u00e1nska p\u00fa\u0165","isPartOf":{"@id":"https:\/\/svatomarianskaput.sk\/pl\/#website"},"primaryImageOfPage":{"@id":"https:\/\/svatomarianskaput.sk\/pl\/wyrusz-na-pielgrzymke-marianska\/#primaryimage"},"image":{"@id":"https:\/\/svatomarianskaput.sk\/pl\/wyrusz-na-pielgrzymke-marianska\/#primaryimage"},"thumbnailUrl":"https:\/\/svatomarianskaput.sk\/wp-content\/uploads\/2022\/05\/home2.webp","datePublished":"2022-03-29T08:15:10+00:00","dateModified":"2022-06-02T12:12:16+00:00","breadcrumb":{"@id":"https:\/\/svatomarianskaput.sk\/pl\/wyrusz-na-pielgrzymke-marianska\/#breadcrumb"},"inLanguage":"pl-PL","potentialAction":[{"@type":"ReadAction","target":["https:\/\/svatomarianskaput.sk\/pl\/wyrusz-na-pielgrzymke-marianska\/"]}]},{"@type":"ImageObject","inLanguage":"pl-PL","@id":"https:\/\/svatomarianskaput.sk\/pl\/wyrusz-na-pielgrzymke-marianska\/#primaryimage","url":"https:\/\/svatomarianskaput.sk\/wp-content\/uploads\/2022\/05\/home2.webp","contentUrl":"https:\/\/svatomarianskaput.sk\/wp-content\/uploads\/2022\/05\/home2.webp","width":1440,"height":529},{"@type":"BreadcrumbList","@id":"https:\/\/svatomarianskaput.sk\/pl\/wyrusz-na-pielgrzymke-marianska\/#breadcrumb","itemListElement":[{"@type":"ListItem","position":1,"name":"Domovsk\u00e1 str\u00e1nka","item":"https:\/\/svatomarianskaput.sk\/pl\/"},{"@type":"ListItem","position":2,"name":"Wyrusz na pielgrzymk\u0119 maria\u0144sk\u0105"}]},{"@type":"WebSite","@id":"https:\/\/svatomarianskaput.sk\/pl\/#website","url":"https:\/\/svatomarianskaput.sk\/pl\/","name":"Sv\u00e4tomari\u00e1nska p\u00fa\u0165","description":"Vydaj sa na cestu (seba)poznania","publisher":{"@id":"https:\/\/svatomarianskaput.sk\/pl\/#organization"},"potentialAction":[{"@type":"SearchAction","target":{"@type":"EntryPoint","urlTemplate":"https:\/\/svatomarianskaput.sk\/pl\/?s={search_term_string}"},"query-input":{"@type":"PropertyValueSpecification","valueRequired":true,"valueName":"search_term_string"}}],"inLanguage":"pl-PL"},{"@type":"Organization","@id":"https:\/\/svatomarianskaput.sk\/pl\/#organization","name":"Sv\u00e4tomari\u00e1nska p\u00fa\u0165","url":"https:\/\/svatomarianskaput.sk\/pl\/","logo":{"@type":"ImageObject","inLanguage":"pl-PL","@id":"https:\/\/svatomarianskaput.sk\/pl\/#\/schema\/logo\/image\/","url":"https:\/\/svatomarianskaput.sk\/wp-content\/uploads\/2022\/05\/logo-sk.svg","contentUrl":"https:\/\/svatomarianskaput.sk\/wp-content\/uploads\/2022\/05\/logo-sk.svg","caption":"Sv\u00e4tomari\u00e1nska p\u00fa\u0165"},"image":{"@id":"https:\/\/svatomarianskaput.sk\/pl\/#\/schema\/logo\/image\/"}}]}},"_links":{"self":[{"href":"https:\/\/svatomarianskaput.sk\/pl\/wp-json\/wp\/v2\/pages\/1863","targetHints":{"allow":["GET"]}}],"collection":[{"href":"https:\/\/svatomarianskaput.sk\/pl\/wp-json\/wp\/v2\/pages"}],"about":[{"href":"https:\/\/svatomarianskaput.sk\/pl\/wp-json\/wp\/v2\/types\/page"}],"author":[{"embeddable":true,"href":"https:\/\/svatomarianskaput.sk\/pl\/wp-json\/wp\/v2\/users\/6"}],"replies":[{"embeddable":true,"href":"https:\/\/svatomarianskaput.sk\/pl\/wp-json\/wp\/v2\/comments?post=1863"}],"version-history":[{"count":3,"href":"https:\/\/svatomarianskaput.sk\/pl\/wp-json\/wp\/v2\/pages\/1863\/revisions"}],"predecessor-version":[{"id":2377,"href":"https:\/\/svatomarianskaput.sk\/pl\/wp-json\/wp\/v2\/pages\/1863\/revisions\/2377"}],"wp:featuredmedia":[{"embeddable":true,"href":"https:\/\/svatomarianskaput.sk\/pl\/wp-json\/wp\/v2\/media\/2140"}],"wp:attachment":[{"href":"https:\/\/svatomarianskaput.sk\/pl\/wp-json\/wp\/v2\/media?parent=1863"}],"curies":[{"name":"wp","href":"https:\/\/api.w.org\/{rel}","templated":true}]}}