{"id":5656,"date":"2021-06-09T19:11:51","date_gmt":"2021-06-09T17:11:51","guid":{"rendered":"https:\/\/beta.svatomarianskaput.sk\/?page_id=798"},"modified":"2021-06-09T19:11:51","modified_gmt":"2021-06-09T17:11:51","slug":"partneri-farnosti","status":"publish","type":"page","link":"https:\/\/svatomarianskaput.sk\/pl\/partneri-farnosti\/","title":{"rendered":"Partneri \u2013 farnosti"},"content":{"rendered":"\n<h3 class=\"wp-block-heading\">Gr\u00e9ckokatol\u00edcka cirkev \u2013 farnos\u0165 Litmanov\u00e1<\/h3>\n\n\n\n<p><strong>V\u00fdstavba P\u00fatnicko-informa\u010dn\u00e9ho centra v Litmanovej<\/strong><\/p>\n\n\n\n<p>Cie\u013eom aktivity je v\u00fdstavba dvoch objektov v r\u00e1mci Are\u00e1lu p\u00fatnicko-informa\u010dn\u00e9ho centra, ktor\u00e9 je doplnen\u00edm ch\u00fdbaj\u00facej turistickej infra\u0161trukt\u00fary na tomto p\u00fatnickom mieste. Samotn\u00fd Objekt p\u00fatnicko-informa\u010dn\u00e9ho centra m\u00e1 poskytova\u0165 n\u00e1v\u0161tevn\u00edkom inform\u00e1cie o regi\u00f3ne a jeho kult\u00farnych a n\u00e1bo\u017eensk\u00fdch pamiatkach, turistick\u00fdch a cykloturistick\u00fdch mo\u017enostiach, kult\u00farnych, \u0161portov\u00fdch a duchovn\u00fdch podujatiach, ubytovac\u00edch a stravovac\u00edch zariadeniach a dopravnom spojen\u00ed. Z\u00e1rove\u0148 m\u00e1 toto centrum poskytn\u00fa\u0165 priestor na r\u00f4zne sprievodn\u00e9 aktivity pre p\u00fatnikov do Litmanovej, poskytn\u00fa\u0165<\/p>\n\n\n\n<p>z\u00e1zemie pre telesne postihnut\u00fdch a skromn\u00e9 turistick\u00e9 ubytovanie. Objekt Alt\u00e1nku pre p\u00fatnikov s ohniskom m\u00e1 dotvori\u0165 okolie centra a vytvori\u0165 oddychov\u00fa z\u00f3nu s priestorom na relax pre star\u0161\u00edch i najmen\u0161\u00edch p\u00fatnikov. Ostatn\u00e9 objekty Are\u00e1lu centra bude partner financova\u0165 z vlastn\u00fdch zdrojov.<\/p>\n\n\n\n<p><\/p>\n\n\n\n<p>Virtu\u00e1lna prehliadka: <\/p>\n\n\n\n<figure class=\"wp-block-image size-large\"><div class=\"content-image\" >\r\n    <a data-fancybox=\"lightbox\" href=\"https:\/\/svatomarianskaput.sk\/wp-content\/uploads\/2021\/06\/Screenshot-2021-06-09-at-18.18.15.png\"><img fetchpriority=\"high\" decoding=\"async\" width=\"1024\" height=\"450\" src=\"https:\/\/svatomarianskaput.sk\/wp-content\/uploads\/2021\/06\/Screenshot-2021-06-09-at-18.18.15-1024x450.png\" alt=\"\" class=\"wp-image-799\" srcset=\"https:\/\/svatomarianskaput.sk\/wp-content\/uploads\/2021\/06\/Screenshot-2021-06-09-at-18.18.15-1024x450.png 1024w, https:\/\/svatomarianskaput.sk\/wp-content\/uploads\/2021\/06\/Screenshot-2021-06-09-at-18.18.15-500x220.png 500w, https:\/\/svatomarianskaput.sk\/wp-content\/uploads\/2021\/06\/Screenshot-2021-06-09-at-18.18.15-768x338.png 768w, https:\/\/svatomarianskaput.sk\/wp-content\/uploads\/2021\/06\/Screenshot-2021-06-09-at-18.18.15-1536x675.png 1536w, https:\/\/svatomarianskaput.sk\/wp-content\/uploads\/2021\/06\/Screenshot-2021-06-09-at-18.18.15-2048x901.png 2048w\" sizes=\"(max-width: 1024px) 100vw, 1024px\" \/><\/a><\/div><figcaption><a href=\"https:\/\/www.szlak.maryjny.pl\/show.php?name=litmanova&amp;lang=sk\">https:\/\/www.szlak.maryjny.pl\/show.php?name=litmanova&amp;lang=sk<\/a><\/figcaption><\/figure>\n\n\n\n<p>Link https:\/\/www.szlak.maryjny.pl\/show.php?name=litmanova&amp;lang=sk<\/p>\n\n\n\n<p><\/p>\n","protected":false},"excerpt":{"rendered":"<p>Gr\u00e9ckokatol\u00edcka cirkev \u2013 farnos\u0165 Litmanov\u00e1 V\u00fdstavba P\u00fatnicko-informa\u010dn\u00e9ho centra v Litmanovej Cie\u013eom aktivity je v\u00fdstavba dvoch objektov v r\u00e1mci Are\u00e1lu p\u00fatnicko-informa\u010dn\u00e9ho centra, ktor\u00e9 je doplnen\u00edm ch\u00fdbaj\u00facej turistickej infra\u0161trukt\u00fary na tomto p\u00fatnickom mieste. Samotn\u00fd Objekt p\u00fatnicko-informa\u010dn\u00e9ho centra m\u00e1 poskytova\u0165 n\u00e1v\u0161tevn\u00edkom inform\u00e1cie o regi\u00f3ne a jeho kult\u00farnych a n\u00e1bo\u017eensk\u00fdch pamiatkach, turistick\u00fdch a cykloturistick\u00fdch mo\u017enostiach, kult\u00farnych, \u0161portov\u00fdch a duchovn\u00fdch [&hellip;]<\/p>\n","protected":false},"author":2,"featured_media":0,"parent":0,"menu_order":0,"comment_status":"closed","ping_status":"closed","template":"","meta":{"_acf_changed":false,"footnotes":""},"class_list":["post-5656","page","type-page","status-publish","hentry"],"acf":[],"yoast_head":"<!-- This site is optimized with the Yoast SEO plugin v27.3 - https:\/\/yoast.com\/product\/yoast-seo-wordpress\/ -->\n<title>Partneri \u2013 farnosti - Sv\u00e4tomari\u00e1nska p\u00fa\u0165<\/title>\n<meta name=\"robots\" content=\"index, follow, max-snippet:-1, max-image-preview:large, max-video-preview:-1\" \/>\n<link rel=\"canonical\" href=\"https:\/\/svatomarianskaput.sk\/pl\/partneri-farnosti\/\" \/>\n<meta property=\"og:locale\" content=\"pl_PL\" \/>\n<meta property=\"og:type\" content=\"article\" \/>\n<meta property=\"og:title\" content=\"Partneri \u2013 farnosti - Sv\u00e4tomari\u00e1nska p\u00fa\u0165\" \/>\n<meta property=\"og:description\" content=\"Gr\u00e9ckokatol\u00edcka cirkev \u2013 farnos\u0165 Litmanov\u00e1 V\u00fdstavba P\u00fatnicko-informa\u010dn\u00e9ho centra v Litmanovej Cie\u013eom aktivity je v\u00fdstavba dvoch objektov v r\u00e1mci Are\u00e1lu p\u00fatnicko-informa\u010dn\u00e9ho centra, ktor\u00e9 je doplnen\u00edm ch\u00fdbaj\u00facej turistickej infra\u0161trukt\u00fary na tomto p\u00fatnickom mieste. Samotn\u00fd Objekt p\u00fatnicko-informa\u010dn\u00e9ho centra m\u00e1 poskytova\u0165 n\u00e1v\u0161tevn\u00edkom inform\u00e1cie o regi\u00f3ne a jeho kult\u00farnych a n\u00e1bo\u017eensk\u00fdch pamiatkach, turistick\u00fdch a cykloturistick\u00fdch mo\u017enostiach, kult\u00farnych, \u0161portov\u00fdch a duchovn\u00fdch [&hellip;]\" \/>\n<meta property=\"og:url\" content=\"https:\/\/svatomarianskaput.sk\/pl\/partneri-farnosti\/\" \/>\n<meta property=\"og:site_name\" content=\"Sv\u00e4tomari\u00e1nska p\u00fa\u0165\" \/>\n<meta property=\"og:image\" content=\"https:\/\/svatomarianskaput.sk\/wp-content\/uploads\/2021\/06\/Screenshot-2021-06-09-at-18.18.15-1024x450.png\" \/>\n<meta name=\"twitter:card\" content=\"summary_large_image\" \/>\n<meta name=\"twitter:label1\" content=\"Szacowany czas czytania\" \/>\n\t<meta name=\"twitter:data1\" content=\"1 minuta\" \/>\n<script type=\"application\/ld+json\" class=\"yoast-schema-graph\">{\"@context\":\"https:\\\/\\\/schema.org\",\"@graph\":[{\"@type\":\"WebPage\",\"@id\":\"https:\\\/\\\/svatomarianskaput.sk\\\/pl\\\/partneri-farnosti\\\/\",\"url\":\"https:\\\/\\\/svatomarianskaput.sk\\\/pl\\\/partneri-farnosti\\\/\",\"name\":\"Partneri \u2013 farnosti - Sv\u00e4tomari\u00e1nska p\u00fa\u0165\",\"isPartOf\":{\"@id\":\"https:\\\/\\\/svatomarianskaput.sk\\\/pl\\\/#website\"},\"primaryImageOfPage\":{\"@id\":\"https:\\\/\\\/svatomarianskaput.sk\\\/pl\\\/partneri-farnosti\\\/#primaryimage\"},\"image\":{\"@id\":\"https:\\\/\\\/svatomarianskaput.sk\\\/pl\\\/partneri-farnosti\\\/#primaryimage\"},\"thumbnailUrl\":\"https:\\\/\\\/svatomarianskaput.sk\\\/wp-content\\\/uploads\\\/2021\\\/06\\\/Screenshot-2021-06-09-at-18.18.15-1024x450.png\",\"datePublished\":\"2021-06-09T17:11:51+00:00\",\"breadcrumb\":{\"@id\":\"https:\\\/\\\/svatomarianskaput.sk\\\/pl\\\/partneri-farnosti\\\/#breadcrumb\"},\"inLanguage\":\"pl-PL\",\"potentialAction\":[{\"@type\":\"ReadAction\",\"target\":[\"https:\\\/\\\/svatomarianskaput.sk\\\/pl\\\/partneri-farnosti\\\/\"]}]},{\"@type\":\"ImageObject\",\"inLanguage\":\"pl-PL\",\"@id\":\"https:\\\/\\\/svatomarianskaput.sk\\\/pl\\\/partneri-farnosti\\\/#primaryimage\",\"url\":\"https:\\\/\\\/svatomarianskaput.sk\\\/wp-content\\\/uploads\\\/2021\\\/06\\\/Screenshot-2021-06-09-at-18.18.15-1024x450.png\",\"contentUrl\":\"https:\\\/\\\/svatomarianskaput.sk\\\/wp-content\\\/uploads\\\/2021\\\/06\\\/Screenshot-2021-06-09-at-18.18.15-1024x450.png\"},{\"@type\":\"BreadcrumbList\",\"@id\":\"https:\\\/\\\/svatomarianskaput.sk\\\/pl\\\/partneri-farnosti\\\/#breadcrumb\",\"itemListElement\":[{\"@type\":\"ListItem\",\"position\":1,\"name\":\"Domovsk\u00e1 str\u00e1nka\",\"item\":\"https:\\\/\\\/svatomarianskaput.sk\\\/pl\\\/\"},{\"@type\":\"ListItem\",\"position\":2,\"name\":\"Partneri \u2013 farnosti\"}]},{\"@type\":\"WebSite\",\"@id\":\"https:\\\/\\\/svatomarianskaput.sk\\\/pl\\\/#website\",\"url\":\"https:\\\/\\\/svatomarianskaput.sk\\\/pl\\\/\",\"name\":\"Sv\u00e4tomari\u00e1nska p\u00fa\u0165\",\"description\":\"Vydaj sa na cestu (seba)poznania\",\"publisher\":{\"@id\":\"https:\\\/\\\/svatomarianskaput.sk\\\/pl\\\/#organization\"},\"potentialAction\":[{\"@type\":\"SearchAction\",\"target\":{\"@type\":\"EntryPoint\",\"urlTemplate\":\"https:\\\/\\\/svatomarianskaput.sk\\\/pl\\\/?s={search_term_string}\"},\"query-input\":{\"@type\":\"PropertyValueSpecification\",\"valueRequired\":true,\"valueName\":\"search_term_string\"}}],\"inLanguage\":\"pl-PL\"},{\"@type\":\"Organization\",\"@id\":\"https:\\\/\\\/svatomarianskaput.sk\\\/pl\\\/#organization\",\"name\":\"Sv\u00e4tomari\u00e1nska p\u00fa\u0165\",\"url\":\"https:\\\/\\\/svatomarianskaput.sk\\\/pl\\\/\",\"logo\":{\"@type\":\"ImageObject\",\"inLanguage\":\"pl-PL\",\"@id\":\"https:\\\/\\\/svatomarianskaput.sk\\\/pl\\\/#\\\/schema\\\/logo\\\/image\\\/\",\"url\":\"https:\\\/\\\/svatomarianskaput.sk\\\/wp-content\\\/uploads\\\/2022\\\/05\\\/logo-sk.svg\",\"contentUrl\":\"https:\\\/\\\/svatomarianskaput.sk\\\/wp-content\\\/uploads\\\/2022\\\/05\\\/logo-sk.svg\",\"caption\":\"Sv\u00e4tomari\u00e1nska p\u00fa\u0165\"},\"image\":{\"@id\":\"https:\\\/\\\/svatomarianskaput.sk\\\/pl\\\/#\\\/schema\\\/logo\\\/image\\\/\"}}]}<\/script>\n<!-- \/ Yoast SEO plugin. -->","yoast_head_json":{"title":"Partneri \u2013 farnosti - Sv\u00e4tomari\u00e1nska p\u00fa\u0165","robots":{"index":"index","follow":"follow","max-snippet":"max-snippet:-1","max-image-preview":"max-image-preview:large","max-video-preview":"max-video-preview:-1"},"canonical":"https:\/\/svatomarianskaput.sk\/pl\/partneri-farnosti\/","og_locale":"pl_PL","og_type":"article","og_title":"Partneri \u2013 farnosti - Sv\u00e4tomari\u00e1nska p\u00fa\u0165","og_description":"Gr\u00e9ckokatol\u00edcka cirkev \u2013 farnos\u0165 Litmanov\u00e1 V\u00fdstavba P\u00fatnicko-informa\u010dn\u00e9ho centra v Litmanovej Cie\u013eom aktivity je v\u00fdstavba dvoch objektov v r\u00e1mci Are\u00e1lu p\u00fatnicko-informa\u010dn\u00e9ho centra, ktor\u00e9 je doplnen\u00edm ch\u00fdbaj\u00facej turistickej infra\u0161trukt\u00fary na tomto p\u00fatnickom mieste. Samotn\u00fd Objekt p\u00fatnicko-informa\u010dn\u00e9ho centra m\u00e1 poskytova\u0165 n\u00e1v\u0161tevn\u00edkom inform\u00e1cie o regi\u00f3ne a jeho kult\u00farnych a n\u00e1bo\u017eensk\u00fdch pamiatkach, turistick\u00fdch a cykloturistick\u00fdch mo\u017enostiach, kult\u00farnych, \u0161portov\u00fdch a duchovn\u00fdch [&hellip;]","og_url":"https:\/\/svatomarianskaput.sk\/pl\/partneri-farnosti\/","og_site_name":"Sv\u00e4tomari\u00e1nska p\u00fa\u0165","og_image":[{"url":"https:\/\/svatomarianskaput.sk\/wp-content\/uploads\/2021\/06\/Screenshot-2021-06-09-at-18.18.15-1024x450.png","type":"","width":"","height":""}],"twitter_card":"summary_large_image","twitter_misc":{"Szacowany czas czytania":"1 minuta"},"schema":{"@context":"https:\/\/schema.org","@graph":[{"@type":"WebPage","@id":"https:\/\/svatomarianskaput.sk\/pl\/partneri-farnosti\/","url":"https:\/\/svatomarianskaput.sk\/pl\/partneri-farnosti\/","name":"Partneri \u2013 farnosti - Sv\u00e4tomari\u00e1nska p\u00fa\u0165","isPartOf":{"@id":"https:\/\/svatomarianskaput.sk\/pl\/#website"},"primaryImageOfPage":{"@id":"https:\/\/svatomarianskaput.sk\/pl\/partneri-farnosti\/#primaryimage"},"image":{"@id":"https:\/\/svatomarianskaput.sk\/pl\/partneri-farnosti\/#primaryimage"},"thumbnailUrl":"https:\/\/svatomarianskaput.sk\/wp-content\/uploads\/2021\/06\/Screenshot-2021-06-09-at-18.18.15-1024x450.png","datePublished":"2021-06-09T17:11:51+00:00","breadcrumb":{"@id":"https:\/\/svatomarianskaput.sk\/pl\/partneri-farnosti\/#breadcrumb"},"inLanguage":"pl-PL","potentialAction":[{"@type":"ReadAction","target":["https:\/\/svatomarianskaput.sk\/pl\/partneri-farnosti\/"]}]},{"@type":"ImageObject","inLanguage":"pl-PL","@id":"https:\/\/svatomarianskaput.sk\/pl\/partneri-farnosti\/#primaryimage","url":"https:\/\/svatomarianskaput.sk\/wp-content\/uploads\/2021\/06\/Screenshot-2021-06-09-at-18.18.15-1024x450.png","contentUrl":"https:\/\/svatomarianskaput.sk\/wp-content\/uploads\/2021\/06\/Screenshot-2021-06-09-at-18.18.15-1024x450.png"},{"@type":"BreadcrumbList","@id":"https:\/\/svatomarianskaput.sk\/pl\/partneri-farnosti\/#breadcrumb","itemListElement":[{"@type":"ListItem","position":1,"name":"Domovsk\u00e1 str\u00e1nka","item":"https:\/\/svatomarianskaput.sk\/pl\/"},{"@type":"ListItem","position":2,"name":"Partneri \u2013 farnosti"}]},{"@type":"WebSite","@id":"https:\/\/svatomarianskaput.sk\/pl\/#website","url":"https:\/\/svatomarianskaput.sk\/pl\/","name":"Sv\u00e4tomari\u00e1nska p\u00fa\u0165","description":"Vydaj sa na cestu (seba)poznania","publisher":{"@id":"https:\/\/svatomarianskaput.sk\/pl\/#organization"},"potentialAction":[{"@type":"SearchAction","target":{"@type":"EntryPoint","urlTemplate":"https:\/\/svatomarianskaput.sk\/pl\/?s={search_term_string}"},"query-input":{"@type":"PropertyValueSpecification","valueRequired":true,"valueName":"search_term_string"}}],"inLanguage":"pl-PL"},{"@type":"Organization","@id":"https:\/\/svatomarianskaput.sk\/pl\/#organization","name":"Sv\u00e4tomari\u00e1nska p\u00fa\u0165","url":"https:\/\/svatomarianskaput.sk\/pl\/","logo":{"@type":"ImageObject","inLanguage":"pl-PL","@id":"https:\/\/svatomarianskaput.sk\/pl\/#\/schema\/logo\/image\/","url":"https:\/\/svatomarianskaput.sk\/wp-content\/uploads\/2022\/05\/logo-sk.svg","contentUrl":"https:\/\/svatomarianskaput.sk\/wp-content\/uploads\/2022\/05\/logo-sk.svg","caption":"Sv\u00e4tomari\u00e1nska p\u00fa\u0165"},"image":{"@id":"https:\/\/svatomarianskaput.sk\/pl\/#\/schema\/logo\/image\/"}}]}},"_links":{"self":[{"href":"https:\/\/svatomarianskaput.sk\/pl\/wp-json\/wp\/v2\/pages\/5656","targetHints":{"allow":["GET"]}}],"collection":[{"href":"https:\/\/svatomarianskaput.sk\/pl\/wp-json\/wp\/v2\/pages"}],"about":[{"href":"https:\/\/svatomarianskaput.sk\/pl\/wp-json\/wp\/v2\/types\/page"}],"author":[{"embeddable":true,"href":"https:\/\/svatomarianskaput.sk\/pl\/wp-json\/wp\/v2\/users\/2"}],"replies":[{"embeddable":true,"href":"https:\/\/svatomarianskaput.sk\/pl\/wp-json\/wp\/v2\/comments?post=5656"}],"version-history":[{"count":0,"href":"https:\/\/svatomarianskaput.sk\/pl\/wp-json\/wp\/v2\/pages\/5656\/revisions"}],"wp:attachment":[{"href":"https:\/\/svatomarianskaput.sk\/pl\/wp-json\/wp\/v2\/media?parent=5656"}],"curies":[{"name":"wp","href":"https:\/\/api.w.org\/{rel}","templated":true}]}}